{"id":77,"date":"2024-07-11T01:34:29","date_gmt":"2024-07-11T01:34:29","guid":{"rendered":"https:\/\/syptel.com.mx\/?page_id=77"},"modified":"2024-08-12T23:05:05","modified_gmt":"2024-08-12T23:05:05","slug":"cableestructurado","status":"publish","type":"page","link":"https:\/\/syptel.com.mx\/index.php\/cableestructurado\/","title":{"rendered":"Cableado Estructurado"},"content":{"rendered":"\n<h2 class=\"wp-block-heading has-text-align-center\">SYPTEL le provee todo lo necesario para mantenerse comunicado<\/h2>\n\n\n\n<div class=\"wp-block-media-text has-media-on-the-right is-stacked-on-mobile\"><div class=\"wp-block-media-text__content\">\n<p>Un sistema de cableado estructurado es una forma planeada de crear la infraestructura tanto para la transmisi\u00f3n de voz como de dato, misma que deber\u00e1 ser bien dise\u00f1ada y planeada para el uso de las \u00e1reas requeridas en cada edificio. A trav\u00e9s de esta red de cableado estructurado deber\u00e1n comunicarse los equipos de computo y telef\u00f3nicos, es decir un cableado estructurado es&nbsp;la columna vertebral de las comunicaciones&nbsp;de cualquier edificio o inmueble, es donde convergen&nbsp;datos, videos, voceo e internet.<\/p>\n\n\n\n<p>En SYPTEL le proveemos desde la planeaci\u00f3n hasta el equipamiento adecuado para un proyecto de cableado estructurado, as\u00ed tambi\u00e9n como niestros servicios en desarrollo y mantenimiento con la calidad que nos caracteriza, avalada por la experiencia y conocimiento de institutos y marcas internacionales.<\/p>\n<\/div><figure class=\"wp-block-media-text__media\"><img decoding=\"async\" width=\"244\" height=\"172\" src=\"https:\/\/syptel.com.mx\/wp-content\/uploads\/2024\/07\/cableadoestructurado.jpg\" alt=\"\" class=\"wp-image-315 size-full\"\/><\/figure><\/div>\n\n\n\n<h3 class=\"wp-block-heading has-text-align-center\">\u00bfPor qu\u00e9 elegir los servicios que SYPTEL me ofrece?<\/h3>\n\n\n\n<p>BENEFICIOS<\/p>\n\n\n\n<ul class=\"wp-block-list\">\n<li>Conectividad segura, veloz y eficiente<\/li>\n\n\n\n<li>Confianza de tener una red certificada con el mayor rendimiento posible<\/li>\n\n\n\n<li>Rapidez<\/li>\n\n\n\n<li>Minimizar riesgos que da\u00f1en su informaci\u00f3n al contar con sistemas de protecci\u00f3n de datos<\/li>\n<\/ul>\n<p><\/p>","protected":false},"excerpt":{"rendered":"<p>SYPTEL le provee todo lo necesario para mantenerse comunicado Un sistema de cableado estructurado es una forma planeada de crear la infraestructura tanto para la transmisi\u00f3n de voz como de dato, misma que deber\u00e1 ser bien dise\u00f1ada y planeada para el uso de las \u00e1reas requeridas en cada edificio. A trav\u00e9s de esta red de [&hellip;]<\/p>\n","protected":false},"author":1,"featured_media":0,"parent":0,"menu_order":0,"comment_status":"closed","ping_status":"closed","template":"","meta":{"_joinchat":[],"footnotes":""},"class_list":["post-77","page","type-page","status-publish","hentry"],"_links":{"self":[{"href":"https:\/\/syptel.com.mx\/index.php\/wp-json\/wp\/v2\/pages\/77","targetHints":{"allow":["GET"]}}],"collection":[{"href":"https:\/\/syptel.com.mx\/index.php\/wp-json\/wp\/v2\/pages"}],"about":[{"href":"https:\/\/syptel.com.mx\/index.php\/wp-json\/wp\/v2\/types\/page"}],"author":[{"embeddable":true,"href":"https:\/\/syptel.com.mx\/index.php\/wp-json\/wp\/v2\/users\/1"}],"replies":[{"embeddable":true,"href":"https:\/\/syptel.com.mx\/index.php\/wp-json\/wp\/v2\/comments?post=77"}],"version-history":[{"count":4,"href":"https:\/\/syptel.com.mx\/index.php\/wp-json\/wp\/v2\/pages\/77\/revisions"}],"predecessor-version":[{"id":317,"href":"https:\/\/syptel.com.mx\/index.php\/wp-json\/wp\/v2\/pages\/77\/revisions\/317"}],"wp:attachment":[{"href":"https:\/\/syptel.com.mx\/index.php\/wp-json\/wp\/v2\/media?parent=77"}],"curies":[{"name":"wp","href":"https:\/\/api.w.org\/{rel}","templated":true}]}}